{"id":32,"date":"2025-02-17T08:40:05","date_gmt":"2025-02-17T08:40:05","guid":{"rendered":"https:\/\/pomeri.uniri.hr\/?page_id=32"},"modified":"2025-02-26T16:45:37","modified_gmt":"2025-02-26T16:45:37","slug":"o-projektu","status":"publish","type":"page","link":"https:\/\/pomeri.uniri.hr\/eng\/o-projektu\/","title":{"rendered":"ABOUT THE PROJECT"},"content":{"rendered":"<div data-elementor-type=\"wp-page\" data-elementor-id=\"32\" class=\"elementor elementor-32\" data-elementor-post-type=\"page\">\n\t\t\t\t<div class=\"elementor-element elementor-element-4ef8d8f e-con-full e-flex e-con e-parent\" data-id=\"4ef8d8f\" data-element_type=\"container\" data-settings=\"{&quot;background_background&quot;:&quot;classic&quot;}\">\n\t\t\t\t<\/div>\n\t\t<div class=\"elementor-element elementor-element-9698e1d e-flex e-con-boxed e-con e-parent\" data-id=\"9698e1d\" data-element_type=\"container\">\n\t\t\t\t\t<div class=\"e-con-inner\">\n\t\t<div class=\"elementor-element elementor-element-2fabe4a e-con-full e-flex e-con e-child\" data-id=\"2fabe4a\" data-element_type=\"container\">\n\t\t\t\t<div class=\"elementor-element elementor-element-03e9642 elementor-widget-tablet__width-initial elementor-widget elementor-widget-image\" data-id=\"03e9642\" data-element_type=\"widget\" data-widget_type=\"image.default\">\n\t\t\t\t<div class=\"elementor-widget-container\">\n\t\t\t\t\t\t\t\t\t\t\t\t\t\t\t<img fetchpriority=\"high\" decoding=\"async\" width=\"470\" height=\"674\" src=\"https:\/\/pomeri.uniri.hr\/wp-content\/uploads\/2025\/02\/Group-13.png\" class=\"attachment-large size-large wp-image-140\" alt=\"\" srcset=\"https:\/\/pomeri.uniri.hr\/wp-content\/uploads\/2025\/02\/Group-13.png 470w, https:\/\/pomeri.uniri.hr\/wp-content\/uploads\/2025\/02\/Group-13-209x300.png 209w, https:\/\/pomeri.uniri.hr\/wp-content\/uploads\/2025\/02\/Group-13-8x12.png 8w\" sizes=\"(max-width: 470px) 100vw, 470px\" \/>\t\t\t\t\t\t\t\t\t\t\t\t\t\t\t<\/div>\n\t\t\t\t<\/div>\n\t\t\t\t<\/div>\n\t\t<div class=\"elementor-element elementor-element-6aa9fde e-con-full e-flex e-con e-child\" data-id=\"6aa9fde\" data-element_type=\"container\">\n\t\t\t\t<div class=\"elementor-element elementor-element-2b88d62 elementor-hidden-mobile elementor-widget elementor-widget-heading\" data-id=\"2b88d62\" data-element_type=\"widget\" data-widget_type=\"heading.default\">\n\t\t\t\t<div class=\"elementor-widget-container\">\n\t\t\t\t\t<h2 class=\"elementor-heading-title elementor-size-default\">Increasing the international visibility of the Rijeka Laboratory for Scanning Electron Microscopy<\/h2>\t\t\t\t<\/div>\n\t\t\t\t<\/div>\n\t\t\t\t<div class=\"elementor-element elementor-element-8df2928 elementor-hidden-tablet elementor-hidden-mobile elementor-widget elementor-widget-text-editor\" data-id=\"8df2928\" data-element_type=\"widget\" data-widget_type=\"text-editor.default\">\n\t\t\t\t<div class=\"elementor-widget-container\">\n\t\t\t\t\t\t\t\t\t<p>POMERI is a project of the University of Rijeka - Faculty of Physics that aims to improve the visibility and recognition of the Rijeka Laboratory for Scanning Electron Microscopy through professional training of young scientists, international cooperation and the use of state-of-the-art research equipment.<\/p>\t\t\t\t\t\t\t\t<\/div>\n\t\t\t\t<\/div>\n\t\t\t\t<\/div>\n\t\t\t\t\t<\/div>\n\t\t\t\t<\/div>\n\t\t<div class=\"elementor-element elementor-element-0f047a6 e-flex e-con-boxed e-con e-parent\" data-id=\"0f047a6\" data-element_type=\"container\">\n\t\t\t\t\t<div class=\"e-con-inner\">\n\t\t\t\t<div class=\"elementor-element elementor-element-01045de elementor-hidden-desktop elementor-hidden-tablet elementor-widget elementor-widget-heading\" data-id=\"01045de\" data-element_type=\"widget\" data-widget_type=\"heading.default\">\n\t\t\t\t<div class=\"elementor-widget-container\">\n\t\t\t\t\t<h2 class=\"elementor-heading-title elementor-size-default\">Increasing the international visibility of the Rijeka Laboratory for Scanning Electron Microscopy<\/h2>\t\t\t\t<\/div>\n\t\t\t\t<\/div>\n\t\t\t\t<div class=\"elementor-element elementor-element-17f78ec elementor-hidden-desktop elementor-widget elementor-widget-text-editor\" data-id=\"17f78ec\" data-element_type=\"widget\" data-widget_type=\"text-editor.default\">\n\t\t\t\t<div class=\"elementor-widget-container\">\n\t\t\t\t\t\t\t\t\t<p>POMERI is a project of the University of Rijeka - Faculty of Physics that aims to improve the visibility and recognition of the Rijeka Laboratory for Scanning Electron Microscopy through professional training of young scientists, international cooperation and the use of state-of-the-art research equipment.<\/p>\t\t\t\t\t\t\t\t<\/div>\n\t\t\t\t<\/div>\n\t\t\t\t\t<\/div>\n\t\t\t\t<\/div>\n\t\t<div class=\"elementor-element elementor-element-2de3583 e-flex e-con-boxed e-con e-parent\" data-id=\"2de3583\" data-element_type=\"container\">\n\t\t\t\t\t<div class=\"e-con-inner\">\n\t\t<div class=\"elementor-element elementor-element-c573d09 e-con-full e-flex e-con e-child\" data-id=\"c573d09\" data-element_type=\"container\" data-settings=\"{&quot;background_background&quot;:&quot;classic&quot;}\">\n\t\t\t\t<div class=\"elementor-element elementor-element-0f1aeda elementor-widget elementor-widget-text-editor\" data-id=\"0f1aeda\" data-element_type=\"widget\" data-widget_type=\"text-editor.default\">\n\t\t\t\t<div class=\"elementor-widget-container\">\n\t\t\t\t\t\t\t\t\t<p>FIRST AIM OF THE PROJECT<\/p>\t\t\t\t\t\t\t\t<\/div>\n\t\t\t\t<\/div>\n\t\t\t\t<\/div>\n\t\t<div class=\"elementor-element elementor-element-ebc317c e-con-full e-flex e-con e-child\" data-id=\"ebc317c\" data-element_type=\"container\">\n\t\t\t\t<div class=\"elementor-element elementor-element-fbcd55d elementor-widget elementor-widget-heading\" data-id=\"fbcd55d\" data-element_type=\"widget\" data-widget_type=\"heading.default\">\n\t\t\t\t<div class=\"elementor-widget-container\">\n\t\t\t\t\t<h2 class=\"elementor-heading-title elementor-size-default\">This project introduces young scientists to relevant and competitive scientific research in order to begin an independent career and gain experience in conducting independent research. <\/h2>\t\t\t\t<\/div>\n\t\t\t\t<\/div>\n\t\t\t\t<div class=\"elementor-element elementor-element-2be40e4 elementor-widget elementor-widget-text-editor\" data-id=\"2be40e4\" data-element_type=\"widget\" data-widget_type=\"text-editor.default\">\n\t\t\t\t<div class=\"elementor-widget-container\">\n\t\t\t\t\t\t\t\t\t<p>It eneables them training and working on outstanding scientific equipment in the laboratories of the University of Rijeka - Faculty of Physics and the Center for Micro and Nanoscineces and Technnologies (UniRi \u2013 FoP and NANORI), as well as on similar equipment and complementary research in laboratories across Europe, with emphasis on electron microscopy.<\/p>\t\t\t\t\t\t\t\t<\/div>\n\t\t\t\t<\/div>\n\t\t\t\t<\/div>\n\t\t\t\t\t<\/div>\n\t\t\t\t<\/div>\n\t\t<div class=\"elementor-element elementor-element-93f9a90 e-flex e-con-boxed e-con e-parent\" data-id=\"93f9a90\" data-element_type=\"container\">\n\t\t\t\t\t<div class=\"e-con-inner\">\n\t\t<div class=\"elementor-element elementor-element-da13759 e-con-full e-flex e-con e-child\" data-id=\"da13759\" data-element_type=\"container\" data-settings=\"{&quot;background_background&quot;:&quot;classic&quot;}\">\n\t\t\t\t<div class=\"elementor-element elementor-element-3bd58ac elementor-widget elementor-widget-text-editor\" data-id=\"3bd58ac\" data-element_type=\"widget\" data-widget_type=\"text-editor.default\">\n\t\t\t\t<div class=\"elementor-widget-container\">\n\t\t\t\t\t\t\t\t\t<p>SECOND AIM OF THE PROJECT<\/p>\t\t\t\t\t\t\t\t<\/div>\n\t\t\t\t<\/div>\n\t\t\t\t<\/div>\n\t\t<div class=\"elementor-element elementor-element-130f616 e-con-full e-flex e-con e-child\" data-id=\"130f616\" data-element_type=\"container\">\n\t\t\t\t<div class=\"elementor-element elementor-element-7718386 elementor-widget elementor-widget-heading\" data-id=\"7718386\" data-element_type=\"widget\" data-widget_type=\"heading.default\">\n\t\t\t\t<div class=\"elementor-widget-container\">\n\t\t\t\t\t<h2 class=\"elementor-heading-title elementor-size-default\">We will aspire for international attractiveness, recognition and visibility of the Laboratory for Scanning Electron Microscopy, with appropriately trained employees. <\/h2>\t\t\t\t<\/div>\n\t\t\t\t<\/div>\n\t\t\t\t<div class=\"elementor-element elementor-element-27d1177 elementor-widget elementor-widget-text-editor\" data-id=\"27d1177\" data-element_type=\"widget\" data-widget_type=\"text-editor.default\">\n\t\t\t\t<div class=\"elementor-widget-container\">\n\t\t\t\t\t\t\t\t\t<p>Only with exceptional experts in the field of electron microscopy, sample preparation and microanalysis it is possible to establish the Laboratory as the leading laboratory in Croatia and nerby. Beside the scientific research that will be carried out in the laboratories of the UniRi \u2013 FoP and NANORI, the research team will participate at workshops presenting the scientific part of the project at general public and will provide services for industrial partners.<\/p>\t\t\t\t\t\t\t\t<\/div>\n\t\t\t\t<\/div>\n\t\t\t\t<\/div>\n\t\t\t\t\t<\/div>\n\t\t\t\t<\/div>\n\t\t<div class=\"elementor-element elementor-element-4d7e560 e-flex e-con-boxed e-con e-parent\" data-id=\"4d7e560\" data-element_type=\"container\">\n\t\t\t\t\t<div class=\"e-con-inner\">\n\t\t<div class=\"elementor-element elementor-element-ee5d7f8 e-con-full e-flex e-con e-child\" data-id=\"ee5d7f8\" data-element_type=\"container\" data-settings=\"{&quot;background_background&quot;:&quot;classic&quot;}\">\n\t\t\t\t<div class=\"elementor-element elementor-element-8c48e27 elementor-widget elementor-widget-image\" data-id=\"8c48e27\" data-element_type=\"widget\" data-widget_type=\"image.default\">\n\t\t\t\t<div class=\"elementor-widget-container\">\n\t\t\t\t\t\t\t\t\t\t\t\t\t\t\t<img decoding=\"async\" width=\"800\" height=\"631\" src=\"https:\/\/pomeri.uniri.hr\/wp-content\/uploads\/2025\/02\/Rectangle-108-1024x808.png\" class=\"attachment-large size-large wp-image-144\" alt=\"\" srcset=\"https:\/\/pomeri.uniri.hr\/wp-content\/uploads\/2025\/02\/Rectangle-108-1024x808.png 1024w, https:\/\/pomeri.uniri.hr\/wp-content\/uploads\/2025\/02\/Rectangle-108-300x237.png 300w, https:\/\/pomeri.uniri.hr\/wp-content\/uploads\/2025\/02\/Rectangle-108-768x606.png 768w, https:\/\/pomeri.uniri.hr\/wp-content\/uploads\/2025\/02\/Rectangle-108-1536x1212.png 1536w, https:\/\/pomeri.uniri.hr\/wp-content\/uploads\/2025\/02\/Rectangle-108-15x12.png 15w, https:\/\/pomeri.uniri.hr\/wp-content\/uploads\/2025\/02\/Rectangle-108.png 1556w\" sizes=\"(max-width: 800px) 100vw, 800px\" \/>\t\t\t\t\t\t\t\t\t\t\t\t\t\t\t<\/div>\n\t\t\t\t<\/div>\n\t\t<div class=\"elementor-element elementor-element-5763069 e-con-full e-flex e-con e-child\" data-id=\"5763069\" data-element_type=\"container\">\n\t\t\t\t<div class=\"elementor-element elementor-element-df2dfbd elementor-widget elementor-widget-heading\" data-id=\"df2dfbd\" data-element_type=\"widget\" data-widget_type=\"heading.default\">\n\t\t\t\t<div class=\"elementor-widget-container\">\n\t\t\t\t\t<h2 class=\"elementor-heading-title elementor-size-default\">Scientific goal<\/h2>\t\t\t\t<\/div>\n\t\t\t\t<\/div>\n\t\t\t\t<div class=\"elementor-element elementor-element-034020b elementor-widget elementor-widget-text-editor\" data-id=\"034020b\" data-element_type=\"widget\" data-widget_type=\"text-editor.default\">\n\t\t\t\t<div class=\"elementor-widget-container\">\n\t\t\t\t\t\t\t\t\t<p><span class=\"TextRun SCXW134656040 BCX4\" lang=\"EN-GB\" xml:lang=\"EN-GB\" data-contrast=\"none\"><span class=\"NormalTextRun SCXW134656040 BCX4\">The specific scientific goal of the project is the synthesis of chemically and structurally stable and visible-activated metal-oxide semiconductors with particular application for purifying water from organic and biological pollutants. New approaches in synthesis of these materials using Atomic Layer Deposition are explored.<\/span><\/span><span class=\"EOP SCXW134656040 BCX4\" data-ccp-props=\"{&quot;335551550&quot;:6,&quot;335551620&quot;:6,&quot;335557856&quot;:16777215}\">\u00a0<\/span><\/p>\t\t\t\t\t\t\t\t<\/div>\n\t\t\t\t<\/div>\n\t\t\t\t<\/div>\n\t\t\t\t<\/div>\n\t\t\t\t\t<\/div>\n\t\t\t\t<\/div>\n\t\t<div class=\"elementor-element elementor-element-70e6e0e e-flex e-con-boxed e-con e-parent\" data-id=\"70e6e0e\" data-element_type=\"container\">\n\t\t\t\t\t<div class=\"e-con-inner\">\n\t\t<div class=\"elementor-element elementor-element-607dbe0 e-con-full e-flex e-con e-child\" data-id=\"607dbe0\" data-element_type=\"container\">\n\t\t\t\t<div class=\"elementor-element elementor-element-65fc38b elementor-widget__width-initial elementor-widget elementor-widget-text-editor\" data-id=\"65fc38b\" data-element_type=\"widget\" data-widget_type=\"text-editor.default\">\n\t\t\t\t<div class=\"elementor-widget-container\">\n\t\t\t\t\t\t\t\t\t<p>Project code<\/p>\t\t\t\t\t\t\t\t<\/div>\n\t\t\t\t<\/div>\n\t\t\t\t<div class=\"elementor-element elementor-element-3db49c7 elementor-widget elementor-widget-text-editor\" data-id=\"3db49c7\" data-element_type=\"widget\" data-widget_type=\"text-editor.default\">\n\t\t\t\t<div class=\"elementor-widget-container\">\n\t\t\t\t\t\t\t\t\t<p>NPOO.C3.2.R2-I1.06.0083\u00a0<\/p>\t\t\t\t\t\t\t\t<\/div>\n\t\t\t\t<\/div>\n\t\t\t\t<\/div>\n\t\t<div class=\"elementor-element elementor-element-4dbe285 e-con-full e-flex e-con e-child\" data-id=\"4dbe285\" data-element_type=\"container\">\n\t\t\t\t<div class=\"elementor-element elementor-element-2591cc8 elementor-widget__width-initial elementor-widget elementor-widget-text-editor\" data-id=\"2591cc8\" data-element_type=\"widget\" data-widget_type=\"text-editor.default\">\n\t\t\t\t<div class=\"elementor-widget-container\">\n\t\t\t\t\t\t\t\t\t<p>Project start<\/p>\t\t\t\t\t\t\t\t<\/div>\n\t\t\t\t<\/div>\n\t\t\t\t<div class=\"elementor-element elementor-element-b93c8f2 elementor-widget elementor-widget-text-editor\" data-id=\"b93c8f2\" data-element_type=\"widget\" data-widget_type=\"text-editor.default\">\n\t\t\t\t<div class=\"elementor-widget-container\">\n\t\t\t\t\t\t\t\t\t<p>1. 11.\u00a0 2023.\u00a0<\/p>\t\t\t\t\t\t\t\t<\/div>\n\t\t\t\t<\/div>\n\t\t\t\t<\/div>\n\t\t<div class=\"elementor-element elementor-element-2a3aff1 e-con-full e-flex e-con e-child\" data-id=\"2a3aff1\" data-element_type=\"container\">\n\t\t\t\t<div class=\"elementor-element elementor-element-259afdb elementor-widget__width-initial elementor-widget elementor-widget-text-editor\" data-id=\"259afdb\" data-element_type=\"widget\" data-widget_type=\"text-editor.default\">\n\t\t\t\t<div class=\"elementor-widget-container\">\n\t\t\t\t\t\t\t\t\t<p>Project end<\/p>\t\t\t\t\t\t\t\t<\/div>\n\t\t\t\t<\/div>\n\t\t\t\t<div class=\"elementor-element elementor-element-4ccaef1 elementor-widget elementor-widget-text-editor\" data-id=\"4ccaef1\" data-element_type=\"widget\" data-widget_type=\"text-editor.default\">\n\t\t\t\t<div class=\"elementor-widget-container\">\n\t\t\t\t\t\t\t\t\t<p>30. 6. 2026.\u00a0<\/p>\t\t\t\t\t\t\t\t<\/div>\n\t\t\t\t<\/div>\n\t\t\t\t<\/div>\n\t\t<div class=\"elementor-element elementor-element-e92f4d7 e-con-full e-flex e-con e-child\" data-id=\"e92f4d7\" data-element_type=\"container\">\n\t\t\t\t<div class=\"elementor-element elementor-element-5aff947 elementor-widget__width-initial elementor-widget elementor-widget-text-editor\" data-id=\"5aff947\" data-element_type=\"widget\" data-widget_type=\"text-editor.default\">\n\t\t\t\t<div class=\"elementor-widget-container\">\n\t\t\t\t\t\t\t\t\t<p>Financing<\/p>\t\t\t\t\t\t\t\t<\/div>\n\t\t\t\t<\/div>\n\t\t\t\t<div class=\"elementor-element elementor-element-be5877e elementor-widget elementor-widget-text-editor\" data-id=\"be5877e\" data-element_type=\"widget\" data-widget_type=\"text-editor.default\">\n\t\t\t\t<div class=\"elementor-widget-container\">\n\t\t\t\t\t\t\t\t\t<p>The project is funded by the Recovery and Resilience Facility. Funded by the European Union \u2013 NextGenerationEU<\/p>\t\t\t\t\t\t\t\t<\/div>\n\t\t\t\t<\/div>\n\t\t\t\t<\/div>\n\t\t<div class=\"elementor-element elementor-element-ba5a960 e-con-full e-flex e-con e-child\" data-id=\"ba5a960\" data-element_type=\"container\">\n\t\t\t\t<div class=\"elementor-element elementor-element-3782687 elementor-widget__width-initial elementor-widget elementor-widget-text-editor\" data-id=\"3782687\" data-element_type=\"widget\" data-widget_type=\"text-editor.default\">\n\t\t\t\t<div class=\"elementor-widget-container\">\n\t\t\t\t\t\t\t\t\t<p>Budget<\/p>\t\t\t\t\t\t\t\t<\/div>\n\t\t\t\t<\/div>\n\t\t\t\t<div class=\"elementor-element elementor-element-48faeb4 elementor-widget elementor-widget-text-editor\" data-id=\"48faeb4\" data-element_type=\"widget\" data-widget_type=\"text-editor.default\">\n\t\t\t\t<div class=\"elementor-widget-container\">\n\t\t\t\t\t\t\t\t\t<p>742.822,70 euro\u00a0<\/p>\t\t\t\t\t\t\t\t<\/div>\n\t\t\t\t<\/div>\n\t\t\t\t<\/div>\n\t\t\t\t\t<\/div>\n\t\t\t\t<\/div>\n\t\t\t\t<\/div>","protected":false},"excerpt":{"rendered":"<p>Pove\u0107anje me\u0111unarodne vidljivosti rije\u010dkog laboratorija za pretra\u017enu elektronsku mikroskopiju POMERI je projekt Sveu\u010dili\u0161ta u Rijeci \u2013 Fakulteta za fiziku koji ima za cilj unapre\u0111enje vidljivosti i prepoznatljivosti rije\u010dkog laboratorija za pretra\u017enu elektronsku mikroskopiju kroz stru\u010dno usavr\u0161avanje mladih znanstvenika i me\u0111unarodnu suradnju i primjenu vrhunske istra\u017eiva\u010dke opreme. Pove\u0107anje me\u0111unarodne vidljivosti rije\u010dkog laboratorija za pretra\u017enu elektronsku mikroskopiju [&hellip;]<\/p>","protected":false},"author":2,"featured_media":0,"parent":0,"menu_order":0,"comment_status":"closed","ping_status":"closed","template":"","meta":{"footnotes":""},"class_list":["post-32","page","type-page","status-publish","hentry"],"_links":{"self":[{"href":"https:\/\/pomeri.uniri.hr\/eng\/wp-json\/wp\/v2\/pages\/32","targetHints":{"allow":["GET"]}}],"collection":[{"href":"https:\/\/pomeri.uniri.hr\/eng\/wp-json\/wp\/v2\/pages"}],"about":[{"href":"https:\/\/pomeri.uniri.hr\/eng\/wp-json\/wp\/v2\/types\/page"}],"author":[{"embeddable":true,"href":"https:\/\/pomeri.uniri.hr\/eng\/wp-json\/wp\/v2\/users\/2"}],"replies":[{"embeddable":true,"href":"https:\/\/pomeri.uniri.hr\/eng\/wp-json\/wp\/v2\/comments?post=32"}],"version-history":[{"count":100,"href":"https:\/\/pomeri.uniri.hr\/eng\/wp-json\/wp\/v2\/pages\/32\/revisions"}],"predecessor-version":[{"id":632,"href":"https:\/\/pomeri.uniri.hr\/eng\/wp-json\/wp\/v2\/pages\/32\/revisions\/632"}],"wp:attachment":[{"href":"https:\/\/pomeri.uniri.hr\/eng\/wp-json\/wp\/v2\/media?parent=32"}],"curies":[{"name":"wp","href":"https:\/\/api.w.org\/{rel}","templated":true}]}}